{"id":8,"date":"2023-02-11T00:22:11","date_gmt":"2023-02-11T00:22:11","guid":{"rendered":"https:\/\/krecenje-beograd.rs\/?page_id=8"},"modified":"2023-11-20T06:32:44","modified_gmt":"2023-11-20T05:32:44","slug":"pocetna","status":"publish","type":"page","link":"https:\/\/www.krecenje-beograd.rs\/","title":{"rendered":"Po\u010detna"},"content":{"rendered":"\t\t<div data-elementor-type=\"wp-page\" data-elementor-id=\"8\" class=\"elementor elementor-8\">\n\t\t\t\t\t\t<section class=\"elementor-section elementor-top-section elementor-element elementor-element-a960bed elementor-section-boxed elementor-section-height-default elementor-section-height-default\" data-id=\"a960bed\" data-element_type=\"section\" data-e-type=\"section\">\n\t\t\t\t\t\t<div class=\"elementor-container elementor-column-gap-default\">\n\t\t\t\t\t<div class=\"elementor-column elementor-col-100 elementor-top-column elementor-element elementor-element-eb53ec8\" data-id=\"eb53ec8\" data-element_type=\"column\" data-e-type=\"column\">\n\t\t\t<div class=\"elementor-widget-wrap elementor-element-populated\">\n\t\t\t\t\t\t<div class=\"elementor-element elementor-element-520ae33 elementor-widget-mobile__width-initial elementor-widget elementor-widget-shortcode\" data-id=\"520ae33\" data-element_type=\"widget\" data-e-type=\"widget\" data-widget_type=\"shortcode.default\">\n\t\t\t\t<div class=\"elementor-widget-container\">\n\t\t\t\t\t\t\t<div class=\"elementor-shortcode\"><div id=\"metaslider-id-993\" style=\"width: 100%;\" class=\"ml-slider-3-108-0 metaslider metaslider-flex metaslider-993 ml-slider has-dots-nav ms-theme-nivo-light\" role=\"region\" aria-label=\"New Slideshow\" data-height=\"434\" data-width=\"1238\">\n    <div id=\"metaslider_container_993\">\n        <div id=\"metaslider_993\" class=\"flexslider\">\n            <ul class='slides'>\n                <li style=\"display: block; width: 100%;\" class=\"slide-1114 ms-image \" aria-roledescription=\"slide\" data-date=\"2023-02-15 21:14:02\" data-filename=\"1-2.jpg\" data-slide-type=\"image\"><img fetchpriority=\"high\" decoding=\"async\" src=\"https:\/\/www.krecenje-beograd.rs\/wp-content\/uploads\/2023\/02\/1-2.jpg\" height=\"434\" width=\"1238\" alt=\"\" class=\"slider-993 slide-1114 msDefaultImage\" title=\"1\" \/><\/li>\n                <li style=\"display: none; width: 100%;\" class=\"slide-1115 ms-image \" aria-roledescription=\"slide\" data-date=\"2023-02-15 21:14:02\" data-filename=\"2-1.jpg\" data-slide-type=\"image\"><img decoding=\"async\" src=\"https:\/\/www.krecenje-beograd.rs\/wp-content\/uploads\/2023\/02\/2-1.jpg\" height=\"434\" width=\"1238\" alt=\"\" class=\"slider-993 slide-1115 msDefaultImage\" title=\"2\" \/><\/li>\n                <li style=\"display: none; width: 100%;\" class=\"slide-1116 ms-image \" aria-roledescription=\"slide\" data-date=\"2023-02-15 21:14:02\" data-filename=\"3-1.jpg\" data-slide-type=\"image\"><img decoding=\"async\" src=\"https:\/\/www.krecenje-beograd.rs\/wp-content\/uploads\/2023\/02\/3-1.jpg\" height=\"434\" width=\"1238\" alt=\"\" class=\"slider-993 slide-1116 msDefaultImage\" title=\"3\" \/><\/li>\n                <li style=\"display: none; width: 100%;\" class=\"slide-1117 ms-image \" aria-roledescription=\"slide\" data-date=\"2023-02-15 21:14:02\" data-filename=\"4-2.jpg\" data-slide-type=\"image\"><img loading=\"lazy\" decoding=\"async\" src=\"https:\/\/www.krecenje-beograd.rs\/wp-content\/uploads\/2023\/02\/4-2.jpg\" height=\"434\" width=\"1238\" alt=\"\" class=\"slider-993 slide-1117 msDefaultImage\" title=\"4\" \/><\/li>\n                <li style=\"display: none; width: 100%;\" class=\"slide-1118 ms-image \" aria-roledescription=\"slide\" data-date=\"2023-02-15 21:14:02\" data-filename=\"5-2.jpg\" data-slide-type=\"image\"><img loading=\"lazy\" decoding=\"async\" src=\"https:\/\/www.krecenje-beograd.rs\/wp-content\/uploads\/2023\/02\/5-2.jpg\" height=\"434\" width=\"1238\" alt=\"\" class=\"slider-993 slide-1118 msDefaultImage\" title=\"5\" \/><\/li>\n                <li style=\"display: none; width: 100%;\" class=\"slide-1119 ms-image \" aria-roledescription=\"slide\" data-date=\"2023-02-15 21:14:02\" data-filename=\"6a-2.jpg\" data-slide-type=\"image\"><img loading=\"lazy\" decoding=\"async\" src=\"https:\/\/www.krecenje-beograd.rs\/wp-content\/uploads\/2023\/02\/6a-2.jpg\" height=\"434\" width=\"1238\" alt=\"\" class=\"slider-993 slide-1119 msDefaultImage\" title=\"6a (2)\" \/><\/li>\n                <li style=\"display: none; width: 100%;\" class=\"slide-1120 ms-image \" aria-roledescription=\"slide\" data-date=\"2023-02-15 21:14:02\" data-filename=\"6a.jpg\" data-slide-type=\"image\"><img loading=\"lazy\" decoding=\"async\" src=\"https:\/\/www.krecenje-beograd.rs\/wp-content\/uploads\/2023\/02\/6a.jpg\" height=\"434\" width=\"1238\" alt=\"\" class=\"slider-993 slide-1120 msDefaultImage\" title=\"6a\" \/><\/li>\n                <li style=\"display: none; width: 100%;\" class=\"slide-1121 ms-image \" aria-roledescription=\"slide\" data-date=\"2023-02-15 21:14:02\" data-filename=\"8-2.jpg\" data-slide-type=\"image\"><img loading=\"lazy\" decoding=\"async\" src=\"https:\/\/www.krecenje-beograd.rs\/wp-content\/uploads\/2023\/02\/8-2.jpg\" height=\"434\" width=\"1238\" alt=\"\" class=\"slider-993 slide-1121 msDefaultImage\" title=\"8\" \/><\/li>\n            <\/ul>\n        <\/div>\n        \n    <\/div>\n<\/div><\/div>\n\t\t\t\t\t\t<\/div>\n\t\t\t\t<\/div>\n\t\t\t\t\t<\/div>\n\t\t<\/div>\n\t\t\t\t\t<\/div>\n\t\t<\/section>\n\t\t\t\t<section class=\"elementor-section elementor-top-section elementor-element elementor-element-0e7c8b2 elementor-section-boxed elementor-section-height-default elementor-section-height-default\" data-id=\"0e7c8b2\" data-element_type=\"section\" data-e-type=\"section\">\n\t\t\t\t\t\t<div class=\"elementor-container elementor-column-gap-default\">\n\t\t\t\t\t<div class=\"elementor-column elementor-col-100 elementor-top-column elementor-element elementor-element-2887a7b\" data-id=\"2887a7b\" data-element_type=\"column\" data-e-type=\"column\">\n\t\t\t<div class=\"elementor-widget-wrap elementor-element-populated\">\n\t\t\t\t\t\t<div class=\"elementor-element elementor-element-b569126 elementor-widget elementor-widget-heading\" data-id=\"b569126\" data-element_type=\"widget\" data-e-type=\"widget\" data-widget_type=\"heading.default\">\n\t\t\t\t<div class=\"elementor-widget-container\">\n\t\t\t\t\t<h2 class=\"elementor-heading-title elementor-size-default\">DOBRODO\u0160LI\nNA NA\u0160<br> WEB SAJT<\/h2>\t\t\t\t<\/div>\n\t\t\t\t<\/div>\n\t\t\t\t\t<\/div>\n\t\t<\/div>\n\t\t\t\t\t<\/div>\n\t\t<\/section>\n\t\t\t\t<section class=\"elementor-section elementor-top-section elementor-element elementor-element-2340d4f elementor-section-boxed elementor-section-height-default elementor-section-height-default\" data-id=\"2340d4f\" data-element_type=\"section\" data-e-type=\"section\">\n\t\t\t\t\t\t<div class=\"elementor-container elementor-column-gap-default\">\n\t\t\t\t\t<div class=\"elementor-column elementor-col-100 elementor-top-column elementor-element elementor-element-84eea15\" data-id=\"84eea15\" data-element_type=\"column\" data-e-type=\"column\">\n\t\t\t<div class=\"elementor-widget-wrap elementor-element-populated\">\n\t\t\t\t\t\t<div class=\"elementor-element elementor-element-8b0d6de elementor-widget elementor-widget-text-editor\" data-id=\"8b0d6de\" data-element_type=\"widget\" data-e-type=\"widget\" data-settings=\"{&quot;_animation&quot;:&quot;none&quot;,&quot;_animation_mobile&quot;:&quot;fadeIn&quot;}\" data-widget_type=\"text-editor.default\">\n\t\t\t\t<div class=\"elementor-widget-container\">\n\t\t\t\t\t\t\t\t\t<p>WWW.KRECENJE-BEOGRAD.RS<br \/>PROFESIONALNI MOLERSKI RADOVI<br \/>ZA SVE VRSTE ENTERIJERA.<\/p>\t\t\t\t\t\t\t\t<\/div>\n\t\t\t\t<\/div>\n\t\t\t\t\t<\/div>\n\t\t<\/div>\n\t\t\t\t\t<\/div>\n\t\t<\/section>\n\t\t\t\t<section class=\"elementor-section elementor-top-section elementor-element elementor-element-73deeed elementor-section-boxed elementor-section-height-default elementor-section-height-default\" data-id=\"73deeed\" data-element_type=\"section\" data-e-type=\"section\">\n\t\t\t\t\t\t<div class=\"elementor-container elementor-column-gap-default\">\n\t\t\t\t\t<div class=\"elementor-column elementor-col-100 elementor-top-column elementor-element elementor-element-4c2b52f\" data-id=\"4c2b52f\" data-element_type=\"column\" data-e-type=\"column\">\n\t\t\t<div class=\"elementor-widget-wrap elementor-element-populated\">\n\t\t\t\t\t\t<div class=\"elementor-element elementor-element-6a7e264 elementor-widget elementor-widget-image\" data-id=\"6a7e264\" data-element_type=\"widget\" data-e-type=\"widget\" data-widget_type=\"image.default\">\n\t\t\t\t<div class=\"elementor-widget-container\">\n\t\t\t\t\t\t\t\t\t\t\t\t\t\t\t<img decoding=\"async\" src=\"https:\/\/krecenje-beograd.rs\/wp-content\/uploads\/2023\/02\/logo_krecenje_beograd-2.png\" title=\"\" alt=\"\" class=\"elementor-animation-hang\" loading=\"lazy\" \/>\t\t\t\t\t\t\t\t\t\t\t\t\t\t\t<\/div>\n\t\t\t\t<\/div>\n\t\t\t\t\t<\/div>\n\t\t<\/div>\n\t\t\t\t\t<\/div>\n\t\t<\/section>\n\t\t\t\t<section class=\"elementor-section elementor-top-section elementor-element elementor-element-8d77a23 elementor-section-boxed elementor-section-height-default elementor-section-height-default\" data-id=\"8d77a23\" data-element_type=\"section\" data-e-type=\"section\" data-settings=\"{&quot;animation&quot;:&quot;none&quot;}\">\n\t\t\t\t\t\t<div class=\"elementor-container elementor-column-gap-default\">\n\t\t\t\t\t<div class=\"elementor-column elementor-col-100 elementor-top-column elementor-element elementor-element-da90b27\" data-id=\"da90b27\" data-element_type=\"column\" data-e-type=\"column\">\n\t\t\t<div class=\"elementor-widget-wrap elementor-element-populated\">\n\t\t\t\t\t\t<div class=\"elementor-element elementor-element-b2e3c76 elementor-widget elementor-widget-heading\" data-id=\"b2e3c76\" data-element_type=\"widget\" data-e-type=\"widget\" data-widget_type=\"heading.default\">\n\t\t\t\t<div class=\"elementor-widget-container\">\n\t\t\t\t\t<h1 class=\"elementor-heading-title elementor-size-default\">BRZO~KVALITETNO~PEDANTNO<\/h1>\t\t\t\t<\/div>\n\t\t\t\t<\/div>\n\t\t\t\t\t<\/div>\n\t\t<\/div>\n\t\t\t\t\t<\/div>\n\t\t<\/section>\n\t\t\t\t<section class=\"elementor-section elementor-top-section elementor-element elementor-element-c37f798 elementor-section-stretched elementor-section-height-min-height elementor-section-boxed elementor-section-height-default elementor-section-items-middle\" data-id=\"c37f798\" data-element_type=\"section\" data-e-type=\"section\" data-settings=\"{&quot;stretch_section&quot;:&quot;section-stretched&quot;,&quot;shape_divider_top&quot;:&quot;wave-brush&quot;}\">\n\t\t\t\t\t\t\t<div class=\"elementor-background-overlay\"><\/div>\n\t\t\t\t\t\t<div class=\"elementor-shape elementor-shape-top\" aria-hidden=\"true\" data-negative=\"false\">\n\t\t\t<svg xmlns=\"http:\/\/www.w3.org\/2000\/svg\" viewBox=\"0 0 283.5 27.8\" preserveAspectRatio=\"none\">\n\t<path class=\"elementor-shape-fill\" d=\"M283.5,9.7c0,0-7.3,4.3-14,4.6c-6.8,0.3-12.6,0-20.9-1.5c-11.3-2-33.1-10.1-44.7-5.7\ts-12.1,4.6-18,7.4c-6.6,3.2-20,9.6-36.6,9.3C131.6,23.5,99.5,7.2,86.3,8c-1.4,0.1-6.6,0.8-10.5,2c-3.8,1.2-9.4,3.8-17,4.7\tc-3.2,0.4-8.3,1.1-14.2,0.9c-1.5-0.1-6.3-0.4-12-1.6c-5.7-1.2-11-3.1-15.8-3.7C6.5,9.2,0,10.8,0,10.8V0h283.5V9.7z M260.8,11.3\tc-0.7-1-2-0.4-4.3-0.4c-2.3,0-6.1-1.2-5.8-1.1c0.3,0.1,3.1,1.5,6,1.9C259.7,12.2,261.4,12.3,260.8,11.3z M242.4,8.6\tc0,0-2.4-0.2-5.6-0.9c-3.2-0.8-10.3-2.8-15.1-3.5c-8.2-1.1-15.8,0-15.1,0.1c0.8,0.1,9.6-0.6,17.6,1.1c3.3,0.7,9.3,2.2,12.4,2.7\tC239.9,8.7,242.4,8.6,242.4,8.6z M185.2,8.5c1.7-0.7-13.3,4.7-18.5,6.1c-2.1,0.6-6.2,1.6-10,2c-3.9,0.4-8.9,0.4-8.8,0.5\tc0,0.2,5.8,0.8,11.2,0c5.4-0.8,5.2-1.1,7.6-1.6C170.5,14.7,183.5,9.2,185.2,8.5z M199.1,6.9c0.2,0-0.8-0.4-4.8,1.1\tc-4,1.5-6.7,3.5-6.9,3.7c-0.2,0.1,3.5-1.8,6.6-3C197,7.5,199,6.9,199.1,6.9z M283,6c-0.1,0.1-1.9,1.1-4.8,2.5s-6.9,2.8-6.7,2.7\tc0.2,0,3.5-0.6,7.4-2.5C282.8,6.8,283.1,5.9,283,6z M31.3,11.6c0.1-0.2-1.9-0.2-4.5-1.2s-5.4-1.6-7.8-2C15,7.6,7.3,8.5,7.7,8.6\tC8,8.7,15.9,8.3,20.2,9.3c2.2,0.5,2.4,0.5,5.7,1.6S31.2,11.9,31.3,11.6z M73,9.2c0.4-0.1,3.5-1.6,8.4-2.6c4.9-1.1,8.9-0.5,8.9-0.8\tc0-0.3-1-0.9-6.2-0.3S72.6,9.3,73,9.2z M71.6,6.7C71.8,6.8,75,5.4,77.3,5c2.3-0.3,1.9-0.5,1.9-0.6c0-0.1-1.1-0.2-2.7,0.2\tC74.8,5.1,71.4,6.6,71.6,6.7z M93.6,4.4c0.1,0.2,3.5,0.8,5.6,1.8c2.1,1,1.8,0.6,1.9,0.5c0.1-0.1-0.8-0.8-2.4-1.3\tC97.1,4.8,93.5,4.2,93.6,4.4z M65.4,11.1c-0.1,0.3,0.3,0.5,1.9-0.2s2.6-1.3,2.2-1.2s-0.9,0.4-2.5,0.8C65.3,10.9,65.5,10.8,65.4,11.1\tz M34.5,12.4c-0.2,0,2.1,0.8,3.3,0.9c1.2,0.1,2,0.1,2-0.2c0-0.3-0.1-0.5-1.6-0.4C36.6,12.8,34.7,12.4,34.5,12.4z M152.2,21.1\tc-0.1,0.1-2.4-0.3-7.5-0.3c-5,0-13.6-2.4-17.2-3.5c-3.6-1.1,10,3.9,16.5,4.1C150.5,21.6,152.3,21,152.2,21.1z\"\/>\n\t<path class=\"elementor-shape-fill\" d=\"M269.6,18c-0.1-0.1-4.6,0.3-7.2,0c-7.3-0.7-17-3.2-16.6-2.9c0.4,0.3,13.7,3.1,17,3.3\tC267.7,18.8,269.7,18,269.6,18z\"\/>\n\t<path class=\"elementor-shape-fill\" d=\"M227.4,9.8c-0.2-0.1-4.5-1-9.5-1.2c-5-0.2-12.7,0.6-12.3,0.5c0.3-0.1,5.9-1.8,13.3-1.2\tS227.6,9.9,227.4,9.8z\"\/>\n\t<path class=\"elementor-shape-fill\" d=\"M204.5,13.4c-0.1-0.1,2-1,3.2-1.1c1.2-0.1,2,0,2,0.3c0,0.3-0.1,0.5-1.6,0.4\tC206.4,12.9,204.6,13.5,204.5,13.4z\"\/>\n\t<path class=\"elementor-shape-fill\" d=\"M201,10.6c0-0.1-4.4,1.2-6.3,2.2c-1.9,0.9-6.2,3.1-6.1,3.1c0.1,0.1,4.2-1.6,6.3-2.6\tS201,10.7,201,10.6z\"\/>\n\t<path class=\"elementor-shape-fill\" d=\"M154.5,26.7c-0.1-0.1-4.6,0.3-7.2,0c-7.3-0.7-17-3.2-16.6-2.9c0.4,0.3,13.7,3.1,17,3.3\tC152.6,27.5,154.6,26.8,154.5,26.7z\"\/>\n\t<path class=\"elementor-shape-fill\" d=\"M41.9,19.3c0,0,1.2-0.3,2.9-0.1c1.7,0.2,5.8,0.9,8.2,0.7c4.2-0.4,7.4-2.7,7-2.6\tc-0.4,0-4.3,2.2-8.6,1.9c-1.8-0.1-5.1-0.5-6.7-0.4S41.9,19.3,41.9,19.3z\"\/>\n\t<path class=\"elementor-shape-fill\" d=\"M75.5,12.6c0.2,0.1,2-0.8,4.3-1.1c2.3-0.2,2.1-0.3,2.1-0.5c0-0.1-1.8-0.4-3.4,0\tC76.9,11.5,75.3,12.5,75.5,12.6z\"\/>\n\t<path class=\"elementor-shape-fill\" d=\"M15.6,13.2c0-0.1,4.3,0,6.7,0.5c2.4,0.5,5,1.9,5,2c0,0.1-2.7-0.8-5.1-1.4\tC19.9,13.7,15.7,13.3,15.6,13.2z\"\/>\n<\/svg>\t\t<\/div>\n\t\t\t\t\t<div class=\"elementor-container elementor-column-gap-default\">\n\t\t\t\t\t<div class=\"elementor-column elementor-col-100 elementor-top-column elementor-element elementor-element-ba6c637\" data-id=\"ba6c637\" data-element_type=\"column\" data-e-type=\"column\">\n\t\t\t<div class=\"elementor-widget-wrap elementor-element-populated\">\n\t\t\t\t\t\t<div class=\"elementor-element elementor-element-0eca3da elementor-invisible elementor-widget elementor-widget-heading\" data-id=\"0eca3da\" data-element_type=\"widget\" data-e-type=\"widget\" data-settings=\"{&quot;_animation&quot;:&quot;zoomIn&quot;}\" data-widget_type=\"heading.default\">\n\t\t\t\t<div class=\"elementor-widget-container\">\n\t\t\t\t\t<h2 class=\"elementor-heading-title elementor-size-default\">www.krecenje-beograd.rs<\/h2>\t\t\t\t<\/div>\n\t\t\t\t<\/div>\n\t\t\t\t<div class=\"elementor-element elementor-element-ee6c69b elementor-widget elementor-widget-text-editor\" data-id=\"ee6c69b\" data-element_type=\"widget\" data-e-type=\"widget\" data-settings=\"{&quot;_animation_mobile&quot;:&quot;fadeIn&quot;,&quot;_animation&quot;:&quot;none&quot;}\" data-widget_type=\"text-editor.default\">\n\t\t\t\t<div class=\"elementor-widget-container\">\n\t\t\t\t\t\t\t\t\t<p>Mi smo firma koja radi dugi niz godina zajedno,koristimo materijale renomiranih doma\u0107ih i stranih proizvo\u0111a\u010da.Imamo veliki broj zadovoljnih kilijenata i filozofija firme je da se svaki posao uradi najbolje \u0161to mo\u017ee jer nam je jako va\u017eno da nas preporu\u010dite prijateljima ili ponovo anga\u017eujete.<br \/>Ovim poslom bavimo se preko 15 godina i nudimo kompletnu uslugu molersko farbarskih radova. Pored molerskih radova imamo zaposlene majstore koji se bave isklju\u010divo parketarskim radovima.\u00a0<span style=\"letter-spacing: 0.1px; background-color: var(--global--color-background);\">Na\u0161e sedi\u0161te je u Beogradu a uslugama pokrivamo teritoriju celog grada. Poslujemo kako sa pravnim tako i sa fizi\u010dkim licima,samim tim na\u0161e usluge mo\u017eete platiti gotovinski ili fakturom uz dobijanje ra\u010duna.<\/span><\/p><p>Rokove i poslove koje dogovorimo ispo\u0161tujemo u svakom smislu.<br \/>Obzirom na dugogodi\u0161nje iskustvo i saradnju koju imamo mo\u017eemo vam preporu\u010diti i sigurne izvo\u0111a\u010de radova iz oblasti: vodovoda i kanalizacije, elektro radova, postavljanje keramike, elektro radova, ru\u0161enje i odvo\u017eenje \u0161uta.<\/p>\t\t\t\t\t\t\t\t<\/div>\n\t\t\t\t<\/div>\n\t\t\t\t\t<\/div>\n\t\t<\/div>\n\t\t\t\t\t<\/div>\n\t\t<\/section>\n\t\t\t\t<section class=\"elementor-section elementor-top-section elementor-element elementor-element-ee53aad elementor-section-boxed elementor-section-height-default elementor-section-height-default\" data-id=\"ee53aad\" data-element_type=\"section\" data-e-type=\"section\">\n\t\t\t\t\t\t<div class=\"elementor-container elementor-column-gap-default\">\n\t\t\t\t\t<div class=\"elementor-column elementor-col-100 elementor-top-column elementor-element elementor-element-7a8f71f\" data-id=\"7a8f71f\" data-element_type=\"column\" data-e-type=\"column\">\n\t\t\t<div class=\"elementor-widget-wrap elementor-element-populated\">\n\t\t\t\t\t\t<div class=\"elementor-element elementor-element-0a3e185 elementor-widget elementor-widget-text-editor\" data-id=\"0a3e185\" data-element_type=\"widget\" data-e-type=\"widget\" data-widget_type=\"text-editor.default\">\n\t\t\t\t<div class=\"elementor-widget-container\">\n\t\t\t\t\t\t\t\t\t<p>Cene nasih usluga formiraju se u odnosu na obim posla, materijal sa kojim se radi i kvadraturu. Nakon dolaska merenje laserom dobijate tacnu cenu radova!<\/p>\t\t\t\t\t\t\t\t<\/div>\n\t\t\t\t<\/div>\n\t\t\t\t\t<\/div>\n\t\t<\/div>\n\t\t\t\t\t<\/div>\n\t\t<\/section>\n\t\t\t\t<section class=\"elementor-section elementor-top-section elementor-element elementor-element-4374b5d elementor-section-boxed elementor-section-height-default elementor-section-height-default\" data-id=\"4374b5d\" data-element_type=\"section\" data-e-type=\"section\">\n\t\t\t\t\t\t<div class=\"elementor-container elementor-column-gap-default\">\n\t\t\t\t\t<div class=\"elementor-column elementor-col-100 elementor-top-column elementor-element elementor-element-bff0a4a\" data-id=\"bff0a4a\" data-element_type=\"column\" data-e-type=\"column\">\n\t\t\t<div class=\"elementor-widget-wrap elementor-element-populated\">\n\t\t\t\t\t\t<div class=\"elementor-element elementor-element-a6bfc17 elementor-widget elementor-widget-sidebar\" data-id=\"a6bfc17\" data-element_type=\"widget\" data-e-type=\"widget\" data-widget_type=\"sidebar.default\">\n\t\t\t\t<div class=\"elementor-widget-container\">\n\t\t\t\t\t<section id=\"kursna_lista_box-5\" class=\"widget widget_kursna_lista_box\">         <div style=\"overflow: hidden; width:280; height:280; margin: 0px; padding: 0px;\"><iframe src=\"http:\/\/www.kursna-lista.info\/resources\/kursna-lista.php?format=4&br_decimala=2&promene=1&procenat=1&datum=1&zastavice=1\" width=\"300px\" height=\"280px\" frameborder=\"0\" scrolling=\"no\"><\/iframe><\/div>\r\n        <\/section><section id=\"block-4\" class=\"widget widget_block\"><div class=\"wp-widget-group__inner-blocks\"><\/div><\/section>\t\t\t\t<\/div>\n\t\t\t\t<\/div>\n\t\t\t\t\t<\/div>\n\t\t<\/div>\n\t\t\t\t\t<\/div>\n\t\t<\/section>\n\t\t\t\t<\/div>\n\t\t","protected":false},"excerpt":{"rendered":"<p>DOBRODO\u0160LI NA NA\u0160 WEB SAJT WWW.KRECENJE-BEOGRAD.RSPROFESIONALNI MOLERSKI RADOVIZA SVE VRSTE ENTERIJERA. BRZO~KVALITETNO~PEDANTNO www.krecenje-beograd.rs Mi smo firma koja radi dugi niz godina zajedno,koristimo materijale renomiranih doma\u0107ih i stranih proizvo\u0111a\u010da.Imamo veliki broj zadovoljnih kilijenata i filozofija firme je da se svaki posao uradi najbolje \u0161to mo\u017ee jer nam je jako va\u017eno da nas preporu\u010dite prijateljima ili ponovo<a class=\"more-link\" href=\"https:\/\/www.krecenje-beograd.rs\/\">Continue reading <span class=\"screen-reader-text\">&#8220;Po\u010detna&#8221;<\/span><\/a><\/p>\n","protected":false},"author":1,"featured_media":0,"parent":0,"menu_order":0,"comment_status":"closed","ping_status":"closed","template":"elementor_header_footer","meta":{"_monsterinsights_skip_tracking":false,"_monsterinsights_sitenote_active":false,"_monsterinsights_sitenote_note":"","_monsterinsights_sitenote_category":0,"ngg_post_thumbnail":0,"footnotes":""},"class_list":["post-8","page","type-page","status-publish","hentry","entry"],"_links":{"self":[{"href":"https:\/\/www.krecenje-beograd.rs\/index.php?rest_route=\/wp\/v2\/pages\/8","targetHints":{"allow":["GET"]}}],"collection":[{"href":"https:\/\/www.krecenje-beograd.rs\/index.php?rest_route=\/wp\/v2\/pages"}],"about":[{"href":"https:\/\/www.krecenje-beograd.rs\/index.php?rest_route=\/wp\/v2\/types\/page"}],"author":[{"embeddable":true,"href":"https:\/\/www.krecenje-beograd.rs\/index.php?rest_route=\/wp\/v2\/users\/1"}],"replies":[{"embeddable":true,"href":"https:\/\/www.krecenje-beograd.rs\/index.php?rest_route=%2Fwp%2Fv2%2Fcomments&post=8"}],"version-history":[{"count":690,"href":"https:\/\/www.krecenje-beograd.rs\/index.php?rest_route=\/wp\/v2\/pages\/8\/revisions"}],"predecessor-version":[{"id":2941,"href":"https:\/\/www.krecenje-beograd.rs\/index.php?rest_route=\/wp\/v2\/pages\/8\/revisions\/2941"}],"wp:attachment":[{"href":"https:\/\/www.krecenje-beograd.rs\/index.php?rest_route=%2Fwp%2Fv2%2Fmedia&parent=8"}],"curies":[{"name":"wp","href":"https:\/\/api.w.org\/{rel}","templated":true}]}}